{"id":156,"date":"2015-07-16T09:12:51","date_gmt":"2015-07-16T09:12:51","guid":{"rendered":"http:\/\/test.kriesi.at\/minimal-portfolio\/?page_id=156"},"modified":"2021-11-24T13:34:53","modified_gmt":"2021-11-24T12:34:53","slug":"get-in-touch","status":"publish","type":"page","link":"https:\/\/www.agence-jaffre-baraton.fr\/?page_id=156","title":{"rendered":"Nous contacter"},"content":{"rendered":"\n<div id='av_section_1'  class='avia-section av-145nae-e484183ac2512e581c4d3ad1f4531c95 main_color avia-section-huge avia-no-shadow  avia-builder-el-1  el_after_av_google_map  avia-builder-el-last  avia-bg-style-scroll  container_wrap fullsize'  ><div class='container av-section-cont-open' ><div class='template-page content  av-content-full alpha units'><div class='post-entry post-entry-type-page post-entry-156'><div class='entry-content-wrapper clearfix'>\n\n<style type=\"text\/css\" id=\"style-css-av-1kbp16-3421f18de359c4df72201708db8118ca\">\n.flex_column.av-1kbp16-3421f18de359c4df72201708db8118ca{\nborder-radius:0px 0px 0px 0px;\n-webkit-border-radius:0px 0px 0px 0px;\n-moz-border-radius:0px 0px 0px 0px;\n}\n<\/style>\n<div class='flex_column av-1kbp16-3421f18de359c4df72201708db8118ca av_one_half  avia-builder-el-2  el_before_av_one_half  avia-builder-el-first  first flex_column_div  av-animated-generic bottom-to-top av-zero-column-padding '   ><p>\n<style type=\"text\/css\" id=\"style-css-av-t0tjo-b5e7dd3163cf06a6a66df7c4bd67dbda\">\n#top .av-special-heading.av-t0tjo-b5e7dd3163cf06a6a66df7c4bd67dbda{\npadding-bottom:10px;\nfont-size:50px;\n}\n<\/style>\n<div  class='av-special-heading av-t0tjo-b5e7dd3163cf06a6a66df7c4bd67dbda av-special-heading-h4 blockquote modern-quote  avia-builder-el-3  el_before_av_contact  avia-builder-el-first  av-inherit-size '><h4 class='av-special-heading-tag '  itemprop=\"headline\"  >Nous contacter<\/h4><div class='special-heading-border'><div class='special-heading-inner-border'><\/div><\/div><\/div><br \/>\n<form action=\"https:\/\/www.agence-jaffre-baraton.fr\/?page_id=156\" method=\"post\"  class=\"avia_ajax_form av-form-labels-hidden   avia-builder-el-4  el_after_av_heading  avia-builder-el-last   \" data-avia-form-id=\"1\" data-avia-redirect='' ><fieldset><p class='  first_form  form_element form_element_half' id='element_avia_1_1'><label for=\"avia_1_1\">Nom <abbr class=\"required\" title=\"requis(e)\">*<\/abbr><\/label> <input name=\"avia_1_1\" class=\"text_input is_empty\" type=\"text\" id=\"avia_1_1\" value=\"\"  placeholder='Nom*'\/><\/p><p class='  form_element form_element_half' id='element_avia_2_1'><label for=\"avia_2_1\">E-Mail <abbr class=\"required\" title=\"requis(e)\">*<\/abbr><\/label> <input name=\"avia_2_1\" class=\"text_input is_email\" type=\"text\" id=\"avia_2_1\" value=\"\"  placeholder='E-Mail*'\/><\/p><p class='  first_form  form_element form_element_half' id='element_avia_3_1'><label for=\"avia_3_1\">T\u00e9l\u00e9phone<\/label> <input name=\"avia_3_1\" class=\"text_input \" type=\"text\" id=\"avia_3_1\" value=\"\"  placeholder='T\u00e9l\u00e9phone'\/><\/p><p class='  form_element form_element_half' id='element_avia_4_1'><label for=\"avia_4_1\">Ville<\/label> <input name=\"avia_4_1\" class=\"text_input \" type=\"text\" id=\"avia_4_1\" value=\"\"  placeholder='Ville'\/><\/p><p class='  first_form  form_element form_fullwidth' id='element_avia_5_1'><label for=\"avia_5_1\" class=\"textare_label hidden textare_label_avia_5_1\">Message <abbr class=\"required\" title=\"requis(e)\">*<\/abbr><\/label><textarea  placeholder='Message*' name=\"avia_5_1\" class=\"text_area is_empty\" cols=\"40\" rows=\"7\" id=\"avia_5_1\" ><\/textarea><\/p><p class=\"hidden\"><input type=\"text\" name=\"avia_6_1\" class=\"hidden \" id=\"avia_6_1\" value=\"\" \/><\/p><p class='   form_element form_fullwidth' id='element_avia_7_1'><span class='value_verifier_label'>1 + 4 = ?<\/span><input name=\"avia_7_1_verifier\" type=\"hidden\" id=\"avia_7_1_verifier\" value=\"876758874\"\/><label for=\"avia_7_1\">Merci de prouver que vous \u00eates un humain en donnant le r\u00e9sultat de cette op\u00e9ration <abbr class=\"required\" title=\"requis(e)\">*<\/abbr><\/label><input name=\"avia_7_1\" class=\"text_input captcha\" type=\"text\" id=\"avia_7_1\" value=\"\"\/><\/p><p class=\"form_element \"><input type=\"hidden\" value=\"1\" name=\"avia_generated_form1\" \/><input type=\"submit\" value=\"Envoyer\" class=\"button\"  data-sending-label=\"Envoi\"\/><\/p><\/fieldset><\/form><div id=\"ajaxresponse_1\" class=\"ajaxresponse ajaxresponse_1 hidden\"><\/div><\/p><\/div>\n<style type=\"text\/css\" id=\"style-css-av-1kbp16-5c5fec3f50eefb98123f4ad18a2de1bd\">\n.flex_column.av-1kbp16-5c5fec3f50eefb98123f4ad18a2de1bd{\nborder-radius:0px 0px 0px 0px;\n-webkit-border-radius:0px 0px 0px 0px;\n-moz-border-radius:0px 0px 0px 0px;\n}\n<\/style>\n<div class='flex_column av-1kbp16-5c5fec3f50eefb98123f4ad18a2de1bd av_one_half  avia-builder-el-5  el_after_av_one_half  avia-builder-el-last  flex_column_div  av-animated-generic bottom-to-top av-zero-column-padding '   ><p>\n<style type=\"text\/css\" id=\"style-css-av-acuyk-6064f9bf0462661feab25857f1ed9fa3\">\n#top .av-special-heading.av-acuyk-6064f9bf0462661feab25857f1ed9fa3{\npadding-bottom:10px;\nfont-size:50px;\n}\n<\/style>\n<div  class='av-special-heading av-acuyk-6064f9bf0462661feab25857f1ed9fa3 av-special-heading-h4 blockquote modern-quote  avia-builder-el-6  el_before_av_textblock  avia-builder-el-first  av-inherit-size '><h4 class='av-special-heading-tag '  itemprop=\"headline\"  >Venir nous voir<\/h4><div class='special-heading-border'><div class='special-heading-inner-border'><\/div><\/div><\/div><br \/>\n<section class=\"av_textblock_section \"  itemscope=\"itemscope\" itemtype=\"https:\/\/schema.org\/CreativeWork\" ><div class='avia_textblock  '   itemprop=\"text\" ><p><strong>50 rue Saint Nicolas<\/strong><br \/>\n49400 Saumur, FRANCE<\/p>\n<p><strong>contact@agence-jaffre-baraton.fr<\/strong><br \/>\n+33 06 81 95 23 48<\/p>\n<\/div><\/section><br \/>\n<section class=\"av_textblock_section \"  itemscope=\"itemscope\" itemtype=\"https:\/\/schema.org\/CreativeWork\" ><div class='avia_textblock  '   itemprop=\"text\" ><p>.<\/p>\n<h3>Bonjour et bienvenue sur le site de l&rsquo;agence JAFFR\u00c9 &#038; BARATON<\/h3>\n<p>C&rsquo;est en 1988 qu&rsquo;a \u00e9t\u00e9 cr\u00e9\u00e9 l&rsquo;agence. La vocation premi\u00e8re de celle ci est la <strong>\u00a0vente de maisons, propri\u00e9t\u00e9s et appartements sur SAUMUR et sa r\u00e9gion<\/strong>.\u00a0 L&rsquo;agence vous propose \u00e9galement de faire <strong>l&rsquo;estimation de votre bien immobilier<\/strong>\u00a0gratuitement et sans engagement.<\/p>\n<p>N&rsquo;h\u00e9sitez pas \u00e0 me contacter pour un conseil, un avis, des renseignements sur les biens \u00e0 vendre, ou une mise en vente de votre bien, je le ferai avec plaisir.<\/p>\n<p>A tr\u00e8s bient\u00f4t, j&rsquo;esp\u00e8re &#8230;<br \/>\nJean Pierre BARATON<\/p>\n<p>L&rsquo;agence est ouverte du Lundi apr\u00e8s-midi au samedi midi inclus.<br \/>\nMerci de t\u00e9l\u00e9phoner avant de vous d\u00e9placer, car j&rsquo;ai choisi de travailler seul et je ne suis pas toujours \u00e0 l&rsquo;agence.<\/p>\n<p><i>Adresse postale<\/i>\u00a0:<br \/>\n50 rue St Nicolas<br \/>\nBP 70147<br \/>\n49414 SAUMUR<\/p>\n<\/div><\/section><\/p><\/div>\n","protected":false},"excerpt":{"rendered":"","protected":false},"author":1,"featured_media":0,"parent":0,"menu_order":0,"comment_status":"open","ping_status":"closed","template":"","meta":{"footnotes":""},"class_list":["post-156","page","type-page","status-publish","hentry"],"yoast_head":"<!-- This site is optimized with the Yoast SEO plugin v18.1 - https:\/\/yoast.com\/wordpress\/plugins\/seo\/ -->\n<title>Nous contacter - Agence JAFFRE BARATON<\/title>\n<meta name=\"robots\" content=\"index, follow, max-snippet:-1, max-image-preview:large, max-video-preview:-1\" \/>\n<link rel=\"canonical\" href=\"https:\/\/www.agence-jaffre-baraton.fr\/?page_id=156\" \/>\n<meta property=\"og:locale\" content=\"fr_FR\" \/>\n<meta property=\"og:type\" content=\"article\" \/>\n<meta property=\"og:title\" content=\"Nous contacter - Agence JAFFRE BARATON\" \/>\n<meta property=\"og:url\" content=\"https:\/\/www.agence-jaffre-baraton.fr\/?page_id=156\" \/>\n<meta property=\"og:site_name\" content=\"Agence JAFFRE BARATON\" \/>\n<meta property=\"article:modified_time\" content=\"2021-11-24T12:34:53+00:00\" \/>\n<meta name=\"twitter:card\" content=\"summary_large_image\" \/>\n<meta name=\"twitter:label1\" content=\"Dur\u00e9e de lecture estim\u00e9e\" \/>\n\t<meta name=\"twitter:data1\" content=\"5 minutes\" \/>\n<script type=\"application\/ld+json\" class=\"yoast-schema-graph\">{\"@context\":\"https:\/\/schema.org\",\"@graph\":[{\"@type\":\"WebSite\",\"@id\":\"https:\/\/www.agence-jaffre-baraton.fr\/#website\",\"url\":\"https:\/\/www.agence-jaffre-baraton.fr\/\",\"name\":\"Agence JAFFRE BARATON\",\"description\":\"Agence immobili\u00e8re - Saumur\",\"potentialAction\":[{\"@type\":\"SearchAction\",\"target\":{\"@type\":\"EntryPoint\",\"urlTemplate\":\"https:\/\/www.agence-jaffre-baraton.fr\/?s={search_term_string}\"},\"query-input\":\"required name=search_term_string\"}],\"inLanguage\":\"fr-FR\"},{\"@type\":\"WebPage\",\"@id\":\"https:\/\/www.agence-jaffre-baraton.fr\/?page_id=156#webpage\",\"url\":\"https:\/\/www.agence-jaffre-baraton.fr\/?page_id=156\",\"name\":\"Nous contacter - Agence JAFFRE BARATON\",\"isPartOf\":{\"@id\":\"https:\/\/www.agence-jaffre-baraton.fr\/#website\"},\"datePublished\":\"2015-07-16T09:12:51+00:00\",\"dateModified\":\"2021-11-24T12:34:53+00:00\",\"breadcrumb\":{\"@id\":\"https:\/\/www.agence-jaffre-baraton.fr\/?page_id=156#breadcrumb\"},\"inLanguage\":\"fr-FR\",\"potentialAction\":[{\"@type\":\"ReadAction\",\"target\":[\"https:\/\/www.agence-jaffre-baraton.fr\/?page_id=156\"]}]},{\"@type\":\"BreadcrumbList\",\"@id\":\"https:\/\/www.agence-jaffre-baraton.fr\/?page_id=156#breadcrumb\",\"itemListElement\":[{\"@type\":\"ListItem\",\"position\":1,\"name\":\"Accueil\",\"item\":\"https:\/\/www.agence-jaffre-baraton.fr\/?page_id=102\"},{\"@type\":\"ListItem\",\"position\":2,\"name\":\"Nous contacter\"}]}]}<\/script>\n<!-- \/ Yoast SEO plugin. -->","yoast_head_json":{"title":"Nous contacter - Agence JAFFRE BARATON","robots":{"index":"index","follow":"follow","max-snippet":"max-snippet:-1","max-image-preview":"max-image-preview:large","max-video-preview":"max-video-preview:-1"},"canonical":"https:\/\/www.agence-jaffre-baraton.fr\/?page_id=156","og_locale":"fr_FR","og_type":"article","og_title":"Nous contacter - Agence JAFFRE BARATON","og_url":"https:\/\/www.agence-jaffre-baraton.fr\/?page_id=156","og_site_name":"Agence JAFFRE BARATON","article_modified_time":"2021-11-24T12:34:53+00:00","twitter_card":"summary_large_image","twitter_misc":{"Dur\u00e9e de lecture estim\u00e9e":"5 minutes"},"schema":{"@context":"https:\/\/schema.org","@graph":[{"@type":"WebSite","@id":"https:\/\/www.agence-jaffre-baraton.fr\/#website","url":"https:\/\/www.agence-jaffre-baraton.fr\/","name":"Agence JAFFRE BARATON","description":"Agence immobili\u00e8re - Saumur","potentialAction":[{"@type":"SearchAction","target":{"@type":"EntryPoint","urlTemplate":"https:\/\/www.agence-jaffre-baraton.fr\/?s={search_term_string}"},"query-input":"required name=search_term_string"}],"inLanguage":"fr-FR"},{"@type":"WebPage","@id":"https:\/\/www.agence-jaffre-baraton.fr\/?page_id=156#webpage","url":"https:\/\/www.agence-jaffre-baraton.fr\/?page_id=156","name":"Nous contacter - Agence JAFFRE BARATON","isPartOf":{"@id":"https:\/\/www.agence-jaffre-baraton.fr\/#website"},"datePublished":"2015-07-16T09:12:51+00:00","dateModified":"2021-11-24T12:34:53+00:00","breadcrumb":{"@id":"https:\/\/www.agence-jaffre-baraton.fr\/?page_id=156#breadcrumb"},"inLanguage":"fr-FR","potentialAction":[{"@type":"ReadAction","target":["https:\/\/www.agence-jaffre-baraton.fr\/?page_id=156"]}]},{"@type":"BreadcrumbList","@id":"https:\/\/www.agence-jaffre-baraton.fr\/?page_id=156#breadcrumb","itemListElement":[{"@type":"ListItem","position":1,"name":"Accueil","item":"https:\/\/www.agence-jaffre-baraton.fr\/?page_id=102"},{"@type":"ListItem","position":2,"name":"Nous contacter"}]}]}},"_links":{"self":[{"href":"https:\/\/www.agence-jaffre-baraton.fr\/index.php?rest_route=\/wp\/v2\/pages\/156","targetHints":{"allow":["GET"]}}],"collection":[{"href":"https:\/\/www.agence-jaffre-baraton.fr\/index.php?rest_route=\/wp\/v2\/pages"}],"about":[{"href":"https:\/\/www.agence-jaffre-baraton.fr\/index.php?rest_route=\/wp\/v2\/types\/page"}],"author":[{"embeddable":true,"href":"https:\/\/www.agence-jaffre-baraton.fr\/index.php?rest_route=\/wp\/v2\/users\/1"}],"replies":[{"embeddable":true,"href":"https:\/\/www.agence-jaffre-baraton.fr\/index.php?rest_route=%2Fwp%2Fv2%2Fcomments&post=156"}],"version-history":[{"count":7,"href":"https:\/\/www.agence-jaffre-baraton.fr\/index.php?rest_route=\/wp\/v2\/pages\/156\/revisions"}],"predecessor-version":[{"id":1409,"href":"https:\/\/www.agence-jaffre-baraton.fr\/index.php?rest_route=\/wp\/v2\/pages\/156\/revisions\/1409"}],"wp:attachment":[{"href":"https:\/\/www.agence-jaffre-baraton.fr\/index.php?rest_route=%2Fwp%2Fv2%2Fmedia&parent=156"}],"curies":[{"name":"wp","href":"https:\/\/api.w.org\/{rel}","templated":true}]}}