{"id":1612,"date":"2021-12-15T17:31:18","date_gmt":"2021-12-15T16:31:18","guid":{"rendered":"https:\/\/www.agence-jaffre-baraton.fr\/?page_id=1612"},"modified":"2021-12-15T17:49:35","modified_gmt":"2021-12-15T16:49:35","slug":"politique-de-confidentialite","status":"publish","type":"page","link":"https:\/\/www.agence-jaffre-baraton.fr\/?page_id=1612","title":{"rendered":"Politique de confidentialit\u00e9"},"content":{"rendered":"\n<style type=\"text\/css\" id=\"style-css-av-145nae-651eae05fb78bdd4dd273144f78011ac\">\n.avia-section.av-145nae-651eae05fb78bdd4dd273144f78011ac{\nbackground-repeat:no-repeat;\nbackground-image:url(https:\/\/www.agence-jaffre-baraton.fr\/wp-content\/uploads\/2018\/05\/hero-blurred.jpg);\nbackground-position:center center;\nbackground-attachment:scroll;\n}\n.avia-section.av-145nae-651eae05fb78bdd4dd273144f78011ac .av-section-color-overlay{\nopacity:0.6;\nbackground-color:#084a79;\n}\n<\/style>\n<div id='av_section_1'  class='avia-section av-145nae-651eae05fb78bdd4dd273144f78011ac main_color avia-section-default avia-no-border-styling  avia-builder-el-0  el_before_av_section  avia-builder-el-first  avia-full-stretch avia-bg-style-scroll av-section-color-overlay-active  av-minimum-height av-minimum-height-custom  container_wrap fullsize'  data-section-bg-repeat='stretch'><div class='av-section-color-overlay-wrap'><div class=\"av-section-color-overlay\"><\/div><div class='container av-section-cont-open' style='height:230px'><main  role=\"main\" itemprop=\"mainContentOfPage\"  class='template-page content  av-content-full alpha units'><div class='post-entry post-entry-type-page post-entry-1612'><div class='entry-content-wrapper clearfix'>\n\n<style type=\"text\/css\" id=\"style-css-av-jgf3pjem-ee2a691ebc0a9a100bc99d372a9c72ca\">\n#top .flex_column.av-jgf3pjem-ee2a691ebc0a9a100bc99d372a9c72ca{\nmargin-top:0px;\nmargin-bottom:0px;\n}\n.flex_column.av-jgf3pjem-ee2a691ebc0a9a100bc99d372a9c72ca{\nborder-radius:0px 0px 0px 0px;\n-webkit-border-radius:0px 0px 0px 0px;\n-moz-border-radius:0px 0px 0px 0px;\n}\n<\/style>\n<div class='flex_column av-jgf3pjem-ee2a691ebc0a9a100bc99d372a9c72ca av_one_full  avia-builder-el-1  avia-builder-el-no-sibling  first flex_column_div  av-animated-generic left-to-right av-zero-column-padding '   ><style type=\"text\/css\" id=\"style-css-av-jgwcagpn-1733d6af38e1ffbe38a1c2ce86092450\">\n#top .av-special-heading.av-jgwcagpn-1733d6af38e1ffbe38a1c2ce86092450{\npadding-bottom:0px;\ncolor:#ffffff;\nfont-size:5vw;\n}\n.av-special-heading.av-jgwcagpn-1733d6af38e1ffbe38a1c2ce86092450 .special-heading-inner-border{\nborder-color:#ffffff;\n}\n<\/style>\n<div  class='av-special-heading av-jgwcagpn-1733d6af38e1ffbe38a1c2ce86092450 av-special-heading-h2 custom-color-heading blockquote modern-quote modern-centered  avia-builder-el-2  avia-builder-el-no-sibling  av-inherit-size '><h2 class='av-special-heading-tag '  itemprop=\"headline\"  >Politique de confidentialit\u00e9<\/h2><div class='special-heading-border'><div class='special-heading-inner-border'><\/div><\/div><\/div><\/div>\n\n<\/div><\/div><\/main><!-- close content main element --><\/div><\/div><\/div><div id='av_section_2'  class='avia-section av-145nae-e484183ac2512e581c4d3ad1f4531c95 main_color avia-section-huge avia-no-shadow  avia-builder-el-3  el_after_av_section  avia-builder-el-last  avia-bg-style-scroll  container_wrap fullsize'  ><div class='container av-section-cont-open' ><div class='template-page content  av-content-full alpha units'><div class='post-entry post-entry-type-page post-entry-1612'><div class='entry-content-wrapper clearfix'>\n\n<style type=\"text\/css\" id=\"style-css-av-jfg5nepn-bd97e5ba368539c77ab80242598ca79d\">\n#top .flex_column.av-jfg5nepn-bd97e5ba368539c77ab80242598ca79d{\nmargin-top:0px;\nmargin-bottom:0px;\n}\n.flex_column.av-jfg5nepn-bd97e5ba368539c77ab80242598ca79d{\nborder-radius:0px 0px 0px 0px;\n-webkit-border-radius:0px 0px 0px 0px;\n-moz-border-radius:0px 0px 0px 0px;\n}\n<\/style>\n<div class='flex_column av-jfg5nepn-bd97e5ba368539c77ab80242598ca79d av_one_full  avia-builder-el-4  avia-builder-el-no-sibling  first flex_column_div  av-animated-generic fade-in av-zero-column-padding '   ><section class=\"av_textblock_section \"  itemscope=\"itemscope\" itemtype=\"https:\/\/schema.org\/CreativeWork\" ><div class='avia_textblock  '   itemprop=\"text\" ><p>Derni\u00e8re mise \u00e0 jour : 15\/12\/2021<\/p>\n<p>Pr\u00e9ambule et d\u00e9finitions<br \/>\nNous accordons une importance particuli\u00e8re \u00e0 la confidentialit\u00e9 et \u00e0 la s\u00e9curit\u00e9 de vos donn\u00e9es. C\u2019est pourquoi nous mettons tout en \u0153uvre pour que nos processus techniques et op\u00e9rationnels respectent vos droits relatifs \u00e0 la protection de vos donn\u00e9es personnelles.<\/p>\n<p>Conform\u00e9ment \u00e0 la loi \u00ab Informatique et Libert\u00e9s \u00bb n\u00b078-17 du 6 janvier 1978, ainsi qu\u2019au nouveau R\u00e8glement G\u00e9n\u00e9ral sur la Protection des Donn\u00e9es (RGPD), vous disposez d\u2019un droit d\u2019acc\u00e8s, de modification, de rectification et de suppression des donn\u00e9es qui vous concernent.<\/p>\n<p>La pr\u00e9sente Politique de Confidentialit\u00e9 vise \u00e0 vous donner toutes les informations relatives \u00e0 la protection de vos donn\u00e9es personnelles mise en place par le cabinet Jaffr\u00e9 &amp; Baraton.<\/p>\n<p>Donn\u00e9es personnelles<br \/>\nLes \u201cdonn\u00e9es personnelles\u201d d\u00e9signent l\u2019ensemble des donn\u00e9es que nous sommes susceptibles d\u2019enregistrer par le biais de nos divers formulaires et qui peuvent permettre de vous identifier.<\/p>\n<p>Concr\u00e8tement, cela peut aller de la simple adresse e-mail ou de votre num\u00e9ro de t\u00e9l\u00e9phone en passant par vos noms et pr\u00e9noms ou encore \u00e0 des donn\u00e9es plus \u00ab sensibles \u00bb comme des informations sur votre activit\u00e9 ou encore sur votre entreprise.<\/p>\n<p>Collecte et consentement<br \/>\nTous les formulaires pr\u00e9sents sur le site www.agence-jaffre-baraton.fr sont conformes au RGPD.<\/p>\n<p>Aussi, lorsque vous remplissez l\u2019un de nos formulaires, vous reconnaissez avoir pris connaissance de la pr\u00e9sente Politique de Confidentialit\u00e9 et vous convenez et acceptez que le cabinet Jaffr\u00e9 &amp; Baraton puisse recueillir, traiter, stocker et\/ou utiliser ces donn\u00e9es personnelles, dans le respect des r\u00e8gles de confidentialit\u00e9 et de s\u00e9curit\u00e9 expos\u00e9es ci-apr\u00e8s.<\/p>\n<p>Identit\u00e9 et responsable du traitement de vos donn\u00e9es personnelles<br \/>\nL\u2019ensemble des donn\u00e9es personnelles sont collect\u00e9es sur notre site par le Cabinet JAFFRE &amp; BARATON immatricul\u00e9e au RCS de Saumur sous le num\u00e9ro 901 024 844 et dont le si\u00e8ge social se situe : 50 rue Saint Nicolas &#8211; 49400 Saumur.<\/p>\n<p>RCP : AXA SAUMUR &#8211; Carte Professionnelle n\u00b0CPI 4903 2021 000 000 003<\/p>\n<p>Donn\u00e9es collect\u00e9es sur le site<br \/>\nLorsque vous remplissez l\u2019un de nos formulaires, les donn\u00e9es suivantes peuvent \u00eatre collect\u00e9es et\/ou enregistr\u00e9es :<\/p>\n<p>Nom<br \/>\nPr\u00e9nom<br \/>\nT\u00e9l\u00e9phone<br \/>\nE-mail<br \/>\nadresse(s) IP<\/p>\n<p>Certaines donn\u00e9es peuvent \u00e9galement \u00eatre collect\u00e9es automatiquement du fait de vos actions sur le site (voir le paragraphe relatif aux cookies ci-dessous).<\/p>\n<p>Les donn\u00e9es collect\u00e9es ne peuvent en aucun cas inclure de donn\u00e9es personnelles sensibles, du type identifiants gouvernementaux (comme les num\u00e9ros de s\u00e9curit\u00e9 sociale, de permis de conduire, ou les num\u00e9ros d\u2019identification de contribuable), num\u00e9ros complets de carte de cr\u00e9dit ou de compte bancaire personnel, dossiers m\u00e9dicaux ou informations relatives \u00e0 des demandes de soins associ\u00e9es \u00e0 des personnes.<\/p>\n<p>Destinataire des donn\u00e9es collect\u00e9es sur le site<br \/>\nLes donn\u00e9es personnelles vous concernant collect\u00e9es sur notre site www.agence-jaffre-baraton.fr sont destin\u00e9es \u00e0 l\u2019utilisation exclusives du cabinet Jaffr\u00e9 &amp; Baraton.<\/p>\n<p>La base de donn\u00e9es du cabinet Jaffr\u00e9 &amp; Baraton n\u2019est utilis\u00e9e que par le cabinet Jaffr\u00e9 &amp; Baraton qui s\u2019engage \u00e0 ne pas vendre, louer, partager ou divulguer vos donn\u00e9es nominatives \u00e0 des tiers, son traitement est s\u00e9curis\u00e9 et confin\u00e9 \u00e0 un r\u00e9seau interne.<\/p>\n<p>Les informations recueillies sur ce site font l\u2019objet d\u2019un traitement informatique destin\u00e9 aux activit\u00e9s commerciales et marketing de l\u2019\u00e9tablissement.<\/p>\n<p>A noter que certaines informations sont proscrites de toute d\u00e9claration, \u00e0 savoir :<\/p>\n<p>Les sites personnels ou blogs (si vous \u00eates un particulier),<br \/>\nLes fichiers de listes d\u2019adresses cr\u00e9\u00e9s dans un but de communication ou d\u2019information (cas des sites dits \u201cvitrine\u201d avec un simple formulaire de contact),<br \/>\nLes fichiers concernant les membres et donateurs d\u2019une association.<br \/>\n*Sauf en cas de demande express de votre part ou de celle de votre entreprise ou encore en cas de demande express d\u2019une autorit\u00e9 comp\u00e9tente et \u00e9tatique.<\/p>\n<p>Traitement, stockage et s\u00e9curit\u00e9 de vos donn\u00e9es personnelles<br \/>\nL\u2019ensemble de vos donn\u00e9es personnelles sont trait\u00e9es, stock\u00e9es et utilis\u00e9es avec toute la s\u00e9curit\u00e9 n\u00e9cessaire par OVH CLOUD FRANCE.<\/p>\n<p>Ces donn\u00e9es peuvent, en fonction de vos actions sur notre site, \u00eatre \u00e9galement stock\u00e9es, g\u00e9r\u00e9es et utilis\u00e9es par des outils tiers, n\u00e9cessaires au bon fonctionnement de nos activit\u00e9s.<\/p>\n<p>Aussi, nous nous assurons que ces outils respectent les normes fix\u00e9es par le nouveau R\u00e8glement G\u00e9n\u00e9ral sur la Protection des Donn\u00e9es, en vigueur depuis le 25 mai 2018 au sein de l\u2019Union Europ\u00e9enne.<\/p>\n<p>Outils tiers utilis\u00e9s :<br \/>\nActuellement n\u00e9ant<\/p>\n<p>Newsletters et e-mail marketing<br \/>\nL\u2019ensemble de nos formulaires vous permettent de d\u00e9cider si vous souhaitez ou non recevoir :<\/p>\n<p>nos newsletters d\u2019une part<br \/>\nnos offres commerciales et promotionnelles d\u2019autre part<br \/>\nVous pouvez d\u00e9cider de recevoir ou non ces diff\u00e9rents types d\u2019e-mail, conform\u00e9ment au RGPD. Sans ce consentement explicite de votre part, et dans le cas o\u00f9 vous avez compl\u00e9t\u00e9 l\u2019un de nos formulaires, le Cabinet JAFFRE &amp; BARATON s\u2019engage \u00e0 ne vous envoyer que les e-mails n\u00e9cessaire au bon traitement de votre demande (e-mails de double opt-in pour confirmer votre adresse e-mail, etc).<\/p>\n<p>Ce consentement initial donn\u00e9 par vous-m\u00eame peut \u00eatre r\u00e9voqu\u00e9 \u00e0 n\u2019importe quel moment. En effet, si vous ne souhaitez plus recevoir d\u2019emails de la part du Cabinet JAFFRE &amp; BARATON, il vous suffit de cliquer sur les liens de d\u00e9sabonnement pr\u00e9vus \u00e0 cet effet et pr\u00e9sents dans absolument tous nos e-mails, aussi bien ceux adress\u00e9s \u00e0 titre marketing que transactionnel.<\/p>\n<p>Vous pouvez \u00e9galement nous contacter sur <a href=\"mailto:contact@agence-jaffre-baraton.fr\">contact@agence-jaffre-baraton.fr<\/a> pour nous signaler ce souhait de r\u00e9vocation).<\/p>\n<p>Cookies et code de tracking<br \/>\nDans certains cas, le cabinet Jaffr\u00e9 &amp; Baraton pourra \u00eatre amen\u00e9 \u00e0 utiliser des cookies, ainsi que le code de tracking de certains outils.<\/p>\n<p>\u00c0 noter qu\u2019un cookie aussi nomm\u00e9 \u00ab traceur \u00bb ou \u00ab t\u00e9moin de connexion \u00bb est l\u2019\u00e9quivalent d\u2019un petit fichier texte stock\u00e9 sur le terminal de l\u2019internaute et contenant des informations relatives \u00e0 sa navigation sur Internet : pages consult\u00e9es, date et heure de consultation, pr\u00e9f\u00e9rences quant aux param\u00e8tres des sites visit\u00e9s, reconnaissance de sa pr\u00e9sence sur des r\u00e9seaux sociaux \u00e0 travers les boutons de partage, etc.<\/p>\n<p>L\u2019utilisateur sera dans ce cas inform\u00e9 par un message\/une fen\u00eatre pop-up, d\u00e8s sa premi\u00e8re navigation, que le site utilise des cookies. Et ce :<\/p>\n<p>pour lui proposer des informations adapt\u00e9es \u00e0 ses centres d\u2019int\u00e9r\u00eats,<br \/>\npour lui sugg\u00e9rer des publicit\u00e9s cibl\u00e9es li\u00e9es \u00e0 l\u2019organisme de formation,<br \/>\nainsi que pour mesurer l\u2019audience du site.<br \/>\nLe site du cabinet Jaffr\u00e9 &amp; Baraton s\u2019engage \u00e0 ce que ces cookies ne permettent pas l\u2019identification personnelle de l\u2019utilisateur, ni toute utilisation de ses donn\u00e9es personnelles par des tiers.<\/p>\n<p>A noter que la dur\u00e9e de conservation de ces \u00ab cookies \u00bb dans l\u2019ordinateur de l\u2019utilisateur ne peut exc\u00e9der un mois. Le consentement de l\u2019utilisateur concernant l\u2019utilisation des cookies par le site \u00e9tant quant \u00e0 lui valable 13 mois maximum, conform\u00e9ment \u00e0 l\u2019article 32-II de la loi du 6 janvier 1978, modifi\u00e9 par l\u2019ordonnance n\u00b02011-1012 du 24 ao\u00fbt 2011, l\u2019utilisateur devra, une fois ce d\u00e9lai pass\u00e9, \u00e0 nouveau r\u00e9it\u00e9rer ou non son consentement.<\/p>\n<p>L\u2019utilisateur peut, s\u2019il le souhaite, s\u2019opposer \u00e0 la mise en place de cookies. Pour cela, ce dernier peut soit refuser l\u2019utilisation des cookies lors de sa premi\u00e8re connexion sur le site en cliquant sur le bandeau pr\u00e9vu \u00e0 cet effet, auquel cas il ne nous sera plus possible alors de lui offrir toutes les fonctionnalit\u00e9s de notre site, voire d\u2019en rendre inaccessibles certaines parties, soit configurer son navigateur Internet via les param\u00e8tres ad\u00e9quats (d\u00e9sactivation des cookies, choix d\u2019une navigation s\u00e9curis\u00e9e priv\u00e9e, mise en place d\u2019une \u00ab confidentialit\u00e9 haute \u00bb, etc.).<br \/>\nLa configuration de chaque navigateur \u00e9tant diff\u00e9rente, la proc\u00e9dure permettant de modifier ses souhaits en mati\u00e8re de cookies est d\u00e9crite dans le menu d\u2019aide dudit navigateur ; Ces informations sont \u00e9galement disponibles sur le site du cnil ( http:\/\/www.cnil.fr\/vos-droits\/vos-traces\/les-cookies\/), tout comme sur la documentation li\u00e9e \u00e0 chaque navigateur :<\/p>\n<p>Chrome :<br \/>\nhttps:\/\/support.google.com\/chrome\/answer\/95647?hl=fr&#038;ref_topic=14666<br \/>\nInternet Explorer :<br \/>\nhttp:\/\/windows.microsoft.com\/fr-fr\/windows7\/block-enable-or-allow-cookies<br \/>\nFirefox :<br \/>\nhttp:\/\/support.mozilla.org\/fr\/kb\/activer-desactiver-cookies?redirectlocale=en-US&#038;redirectslug=Enabling+and+disabling+cookies<br \/>\nSafari :<br \/>\nhttp:\/\/support.apple.com\/kb\/HT1677?viewlocale=fr_FR&#038;locale=fr_FR<br \/>\nOp\u00e9ra :<br \/>\nhttp:\/\/www.opera.com\/help\/tutorials\/security\/cookies\/<\/p>\n<p>Modification de la Politique de Confidentialit\u00e9<br \/>\nle cabinet Jaffr\u00e9 &amp; Baraton se r\u00e9serve le droit de modifier la pr\u00e9sente Politique de confidentialit\u00e9 \u00e0 tout moment, notamment en application des changements apport\u00e9s aux lois et r\u00e9glementations en vigueur.<\/p>\n<p>D\u2019autre part, en cas de modification m\u00eame minime, nous nous engageons \u00e0 vous en informer par e-mail ou via notre site internet, 30 jours au moins (dans la mesure du possible) avant l\u2019application de ces modifications.<\/p>\n<p>Nous vous conseillons \u00e9galement de v\u00e9rifier cette page r\u00e9guli\u00e8rement afin de rester inform\u00e9, en temps r\u00e9el, de nos proc\u00e9dures et r\u00e8gles relatives \u00e0 vos donn\u00e9es personnelles.<\/p>\n<p>Droit d\u2019acc\u00e8s, de rectification et droit \u00e0 l\u2019oubli<br \/>\nConform\u00e9ment au RGPD et \u00e0 la loi \u201cinformatique et libert\u00e9\u201d n\u00b078-17 du 6 janvier 1978, vous disposez d\u2019un droit d\u2019acc\u00e8s, de modification, de rectification et de suppression de vos donn\u00e9es personnelles d\u00e9tenues par le cabinet Jaffr\u00e9 &amp; Baraton.<\/p>\n<p>Vous pouvez exercer ce doit \u00e0 n\u2019importe quel moment sur simple demande en nous contactant par e-mail sur <a href=\"mailto:contact@agence-jaffre-baraton.fr\">contact@agence-jaffre-baraton.fr<\/a> ou par voie postale au : 50 rue saint Nicolas &#8211; 49400 Saumur, en joignant dans les deux cas une copie de votre carte d\u2019identit\u00e9.<\/p>\n<\/div><\/section><\/div>\n","protected":false},"excerpt":{"rendered":"","protected":false},"author":1,"featured_media":0,"parent":0,"menu_order":0,"comment_status":"closed","ping_status":"closed","template":"","meta":{"footnotes":""},"class_list":["post-1612","page","type-page","status-publish","hentry"],"yoast_head":"<!-- This site is optimized with the Yoast SEO plugin v18.1 - https:\/\/yoast.com\/wordpress\/plugins\/seo\/ -->\n<title>Politique de confidentialit\u00e9 - Agence JAFFRE BARATON<\/title>\n<meta name=\"robots\" content=\"index, follow, max-snippet:-1, max-image-preview:large, max-video-preview:-1\" \/>\n<link rel=\"canonical\" href=\"https:\/\/www.agence-jaffre-baraton.fr\/?page_id=1612\" \/>\n<meta property=\"og:locale\" content=\"fr_FR\" \/>\n<meta property=\"og:type\" content=\"article\" \/>\n<meta property=\"og:title\" content=\"Politique de confidentialit\u00e9 - Agence JAFFRE BARATON\" \/>\n<meta property=\"og:url\" content=\"https:\/\/www.agence-jaffre-baraton.fr\/?page_id=1612\" \/>\n<meta property=\"og:site_name\" content=\"Agence JAFFRE BARATON\" \/>\n<meta property=\"article:modified_time\" content=\"2021-12-15T16:49:35+00:00\" \/>\n<meta name=\"twitter:card\" content=\"summary_large_image\" \/>\n<meta name=\"twitter:label1\" content=\"Dur\u00e9e de lecture estim\u00e9e\" \/>\n\t<meta name=\"twitter:data1\" content=\"11 minutes\" \/>\n<script type=\"application\/ld+json\" class=\"yoast-schema-graph\">{\"@context\":\"https:\/\/schema.org\",\"@graph\":[{\"@type\":\"WebSite\",\"@id\":\"https:\/\/www.agence-jaffre-baraton.fr\/#website\",\"url\":\"https:\/\/www.agence-jaffre-baraton.fr\/\",\"name\":\"Agence JAFFRE BARATON\",\"description\":\"Agence immobili\u00e8re - Saumur\",\"potentialAction\":[{\"@type\":\"SearchAction\",\"target\":{\"@type\":\"EntryPoint\",\"urlTemplate\":\"https:\/\/www.agence-jaffre-baraton.fr\/?s={search_term_string}\"},\"query-input\":\"required name=search_term_string\"}],\"inLanguage\":\"fr-FR\"},{\"@type\":\"WebPage\",\"@id\":\"https:\/\/www.agence-jaffre-baraton.fr\/?page_id=1612#webpage\",\"url\":\"https:\/\/www.agence-jaffre-baraton.fr\/?page_id=1612\",\"name\":\"Politique de confidentialit\u00e9 - Agence JAFFRE BARATON\",\"isPartOf\":{\"@id\":\"https:\/\/www.agence-jaffre-baraton.fr\/#website\"},\"datePublished\":\"2021-12-15T16:31:18+00:00\",\"dateModified\":\"2021-12-15T16:49:35+00:00\",\"breadcrumb\":{\"@id\":\"https:\/\/www.agence-jaffre-baraton.fr\/?page_id=1612#breadcrumb\"},\"inLanguage\":\"fr-FR\",\"potentialAction\":[{\"@type\":\"ReadAction\",\"target\":[\"https:\/\/www.agence-jaffre-baraton.fr\/?page_id=1612\"]}]},{\"@type\":\"BreadcrumbList\",\"@id\":\"https:\/\/www.agence-jaffre-baraton.fr\/?page_id=1612#breadcrumb\",\"itemListElement\":[{\"@type\":\"ListItem\",\"position\":1,\"name\":\"Accueil\",\"item\":\"https:\/\/www.agence-jaffre-baraton.fr\/?page_id=102\"},{\"@type\":\"ListItem\",\"position\":2,\"name\":\"Politique de confidentialit\u00e9\"}]}]}<\/script>\n<!-- \/ Yoast SEO plugin. -->","yoast_head_json":{"title":"Politique de confidentialit\u00e9 - Agence JAFFRE BARATON","robots":{"index":"index","follow":"follow","max-snippet":"max-snippet:-1","max-image-preview":"max-image-preview:large","max-video-preview":"max-video-preview:-1"},"canonical":"https:\/\/www.agence-jaffre-baraton.fr\/?page_id=1612","og_locale":"fr_FR","og_type":"article","og_title":"Politique de confidentialit\u00e9 - Agence JAFFRE BARATON","og_url":"https:\/\/www.agence-jaffre-baraton.fr\/?page_id=1612","og_site_name":"Agence JAFFRE BARATON","article_modified_time":"2021-12-15T16:49:35+00:00","twitter_card":"summary_large_image","twitter_misc":{"Dur\u00e9e de lecture estim\u00e9e":"11 minutes"},"schema":{"@context":"https:\/\/schema.org","@graph":[{"@type":"WebSite","@id":"https:\/\/www.agence-jaffre-baraton.fr\/#website","url":"https:\/\/www.agence-jaffre-baraton.fr\/","name":"Agence JAFFRE BARATON","description":"Agence immobili\u00e8re - Saumur","potentialAction":[{"@type":"SearchAction","target":{"@type":"EntryPoint","urlTemplate":"https:\/\/www.agence-jaffre-baraton.fr\/?s={search_term_string}"},"query-input":"required name=search_term_string"}],"inLanguage":"fr-FR"},{"@type":"WebPage","@id":"https:\/\/www.agence-jaffre-baraton.fr\/?page_id=1612#webpage","url":"https:\/\/www.agence-jaffre-baraton.fr\/?page_id=1612","name":"Politique de confidentialit\u00e9 - Agence JAFFRE BARATON","isPartOf":{"@id":"https:\/\/www.agence-jaffre-baraton.fr\/#website"},"datePublished":"2021-12-15T16:31:18+00:00","dateModified":"2021-12-15T16:49:35+00:00","breadcrumb":{"@id":"https:\/\/www.agence-jaffre-baraton.fr\/?page_id=1612#breadcrumb"},"inLanguage":"fr-FR","potentialAction":[{"@type":"ReadAction","target":["https:\/\/www.agence-jaffre-baraton.fr\/?page_id=1612"]}]},{"@type":"BreadcrumbList","@id":"https:\/\/www.agence-jaffre-baraton.fr\/?page_id=1612#breadcrumb","itemListElement":[{"@type":"ListItem","position":1,"name":"Accueil","item":"https:\/\/www.agence-jaffre-baraton.fr\/?page_id=102"},{"@type":"ListItem","position":2,"name":"Politique de confidentialit\u00e9"}]}]}},"_links":{"self":[{"href":"https:\/\/www.agence-jaffre-baraton.fr\/index.php?rest_route=\/wp\/v2\/pages\/1612","targetHints":{"allow":["GET"]}}],"collection":[{"href":"https:\/\/www.agence-jaffre-baraton.fr\/index.php?rest_route=\/wp\/v2\/pages"}],"about":[{"href":"https:\/\/www.agence-jaffre-baraton.fr\/index.php?rest_route=\/wp\/v2\/types\/page"}],"author":[{"embeddable":true,"href":"https:\/\/www.agence-jaffre-baraton.fr\/index.php?rest_route=\/wp\/v2\/users\/1"}],"replies":[{"embeddable":true,"href":"https:\/\/www.agence-jaffre-baraton.fr\/index.php?rest_route=%2Fwp%2Fv2%2Fcomments&post=1612"}],"version-history":[{"count":2,"href":"https:\/\/www.agence-jaffre-baraton.fr\/index.php?rest_route=\/wp\/v2\/pages\/1612\/revisions"}],"predecessor-version":[{"id":1621,"href":"https:\/\/www.agence-jaffre-baraton.fr\/index.php?rest_route=\/wp\/v2\/pages\/1612\/revisions\/1621"}],"wp:attachment":[{"href":"https:\/\/www.agence-jaffre-baraton.fr\/index.php?rest_route=%2Fwp%2Fv2%2Fmedia&parent=1612"}],"curies":[{"name":"wp","href":"https:\/\/api.w.org\/{rel}","templated":true}]}}